{"id":362,"date":"2022-04-28T10:54:14","date_gmt":"2022-04-28T10:54:14","guid":{"rendered":"https:\/\/freechoice.club\/landing-page\/"},"modified":"2025-07-12T11:01:58","modified_gmt":"2025-07-12T11:01:58","slug":"landing-page","status":"publish","type":"page","link":"https:\/\/freechoice.club\/en\/","title":{"rendered":"Landing Page"},"content":{"rendered":"\n<section class=\"wp-block-uagb-section uagb-section__wrap uagb-section__background-color alignfull uagb-block-82ef03ab\"><div class=\"uagb-section__overlay\"><\/div><div class=\"uagb-section__inner-wrap\">\n<div class=\"wp-block-uagb-columns uagb-columns__wrap uagb-columns__background-image uagb-columns__stack-mobile uagb-columns__valign- uagb-columns__gap-0 alignfull uagb-block-5795f2aa uagb-columns__columns-2 uagb-columns__max_width-theme\"><div class=\"uagb-columns__overlay\"><\/div><div class=\"uagb-columns__inner-wrap uagb-columns__columns-2\">\n<div class=\"wp-block-uagb-column uagb-column__wrap uagb-column__background-color uagb-block-a0c22a0a trf-shadow has-text-align-center\"><div class=\"uagb-column__overlay\"><\/div><div id=\"fc-app\" class=\"loading\"><\/div>\n<\/div>\n\n\n\n<div class=\"wp-block-uagb-column uagb-column__wrap uagb-column__background-undefined uagb-block-a031a1cf\"><div class=\"uagb-column__overlay\"><\/div><\/div>\n<\/div><\/div>\n<\/div><\/section>\n\n\n\n<section class=\"wp-block-uagb-columns uagb-columns__wrap uagb-columns__background-color uagb-columns__stack-tablet uagb-columns__valign-center uagb-columns__gap-0 alignfull uagb-block-3bbb7a44 uagb-columns__columns-3 uagb-columns__max_width-theme\"><div class=\"uagb-columns__overlay\"><\/div><div class=\"uagb-columns__inner-wrap uagb-columns__columns-3\">\n<div class=\"wp-block-uagb-column uagb-column__wrap uagb-column__background-undefined uagb-block-c22623da\"><div class=\"uagb-column__overlay\"><\/div>\n<h2 class=\"wp-block-heading has-text-align-center has-ast-global-color-5-color has-text-color has-medium-font-size\">Surf the entire Freechoice universe:<\/h2>\n<\/div>\n\n\n\n<div class=\"wp-block-uagb-column uagb-column__wrap uagb-column__background-undefined uagb-block-84885513\"><div class=\"uagb-column__overlay\"><\/div><ul class=\"fc-partners fc-partners-loading\"><li><a href=\"https:\/\/www.promipool.de\/\" class=\"fc_partner_link\"><img decoding=\"async\" src=\"https:\/\/img.promipool.de\/www-promipool-de\/image\/upload\/cmp_logo_pp_gxg5udnwk7.png\" alt=\"Promipool\"><\/a><\/li><li><a href=\"https:\/\/www.kreiszeitung.de\/\" class=\"fc_partner_link\"><img decoding=\"async\" src=\"https:\/\/www.kreiszeitung.de\/apple-touch-icon-144x144-precomposed.png\" alt=\"Kreiszeitung\"><\/a><\/li><li><a href=\"https:\/\/cookandsoul.de\" class=\"fc_partner_link\"><img decoding=\"async\" src=\"https:\/\/freechoice.club\/wp-content\/uploads\/2025\/07\/cns_logo.webp\" alt=\"cookandsoul.de\"><\/a><\/li><li><a href=\"https:\/\/regionalheute.de\" class=\"fc_partner_link\"><img decoding=\"async\" src=\"https:\/\/regionalheute.de\/static\/img\/rlogo.png\" alt=\"regionalheute.de\"><\/a><\/li><li><a href=\"https:\/\/www.einbuergerung.at\" class=\"fc_partner_link\"><img decoding=\"async\" src=\"https:\/\/www.einbuergerung.at\/img\/favicons\/android-icon-192x192.png\" alt=\"Einbuergerung.at\"><\/a><\/li><\/ul>\n<\/div>\n\n\n\n<div class=\"wp-block-uagb-column uagb-column__wrap uagb-column__background-undefined uagb-block-ede14f8f\"><div class=\"uagb-column__overlay\"><\/div>\n<p class=\"has-text-align-center has-ast-global-color-5-color has-text-color has-link-color has-medium-font-size wp-elements-42fc617c477a4c3a980916ffb8fab09d\"><a href=\"https:\/\/freechoice.club\/en\/partner\/\" data-type=\"page\" data-id=\"152\">+ many more<\/a><\/p>\n<\/div>\n<\/div><\/section>\n\n\n\n<section class=\"wp-block-uagb-section uagb-section__wrap uagb-section__background-undefined alignfull uagb-block-4cebd62c\"><div class=\"uagb-section__overlay\"><\/div><div class=\"uagb-section__inner-wrap\">\n<h2 class=\"wp-block-heading\">This is Freechoice<\/h2>\n\n\n\n<p>One sign-in &#8211; lots of tracking-free offers! Online privacy, wherever you are on our site.<\/p>\n\n\n\n<div class=\"wp-block-uagb-columns uagb-columns__wrap uagb-columns__background-none uagb-columns__stack-tablet uagb-columns__valign- uagb-columns__gap-20 align uagb-block-23fcc984 uagb-columns__columns-4 uagb-columns__max_width-theme\"><div class=\"uagb-columns__overlay\"><\/div><div class=\"uagb-columns__inner-wrap uagb-columns__columns-4\">\n<div class=\"wp-block-uagb-column uagb-column__wrap uagb-column__background-color uagb-block-0344c586 trf-shadow-lg\"><div class=\"uagb-column__overlay\"><\/div>\n<div class=\"wp-block-uagb-info-box uagb-block-96b97e97 uagb-infobox__content-wrap  uagb-infobox-icon-above-title uagb-infobox-image-valign-top\"><div class=\"uagb-ifb-content\"><div class=\"uagb-ifb-image-content\"><img decoding=\"async\" src=\"https:\/\/freechoice.club\/wp-content\/uploads\/2022\/05\/fc_about-uninterrupted.svg\" alt=\"\" width=\"1000\" height=\"1000\" loading=\"lazy\"\/><\/div><div class=\"uagb-ifb-title-wrap\"><h3 class=\"uagb-ifb-title\">Reduced advertising<\/h3><\/div><div class=\"uagb-ifb-separator\"><\/div><p class=\"uagb-ifb-desc\">This does not apply to discreet self-promotion, including premium publisher content or paid links within editorial content.<\/p><\/div><\/div>\n<\/div>\n\n\n\n<div class=\"wp-block-uagb-column uagb-column__wrap uagb-column__background-color uagb-block-aa53714b trf-shadow-lg\"><div class=\"uagb-column__overlay\"><\/div>\n<div class=\"wp-block-uagb-info-box uagb-block-767b4ad6 uagb-infobox__content-wrap  uagb-infobox-icon-above-title uagb-infobox-image-valign-top\"><div class=\"uagb-ifb-content\"><div class=\"uagb-ifb-image-content\"><img decoding=\"async\" src=\"https:\/\/freechoice.club\/wp-content\/uploads\/2022\/05\/fc_about-privacy.svg\" alt=\"\" width=\"1000\" height=\"1000\" loading=\"lazy\"\/><\/div><div class=\"uagb-ifb-title-wrap\"><h3 class=\"uagb-ifb-title\">No tracking of your usage<\/h3><\/div><div class=\"uagb-ifb-separator\"><\/div><p class=\"uagb-ifb-desc\">No other cookies will be placed on your device other than those strictly necessary to display offers.<\/p><\/div><\/div>\n<\/div>\n\n\n\n<div class=\"wp-block-uagb-column uagb-column__wrap uagb-column__background-color uagb-block-0c9667d5 trf-shadow-lg\"><div class=\"uagb-column__overlay\"><\/div>\n<div class=\"wp-block-uagb-info-box uagb-block-038fd6d0 uagb-infobox__content-wrap  uagb-infobox-icon-above-title uagb-infobox-image-valign-top\"><div class=\"uagb-ifb-content\"><div class=\"uagb-ifb-image-content\"><img decoding=\"async\" src=\"https:\/\/freechoice.club\/wp-content\/uploads\/2022\/05\/fc_about-options.svg\" alt=\"\" width=\"1000\" height=\"1000\" loading=\"lazy\"\/><\/div><div class=\"uagb-ifb-title-wrap\"><h3 class=\"uagb-ifb-title\">Freechoice subscribers enjoy many benefits<\/h3><\/div><div class=\"uagb-ifb-separator\"><\/div><p class=\"uagb-ifb-desc\">Surf the entire Freechoice universe and get ad-free access to 222 partners.<\/p><\/div><\/div>\n<\/div>\n\n\n\n<div class=\"wp-block-uagb-column uagb-column__wrap uagb-column__background-color uagb-block-05cda2c6 trf-shadow-lg\"><div class=\"uagb-column__overlay\"><\/div>\n<div class=\"wp-block-uagb-info-box uagb-block-bcc3e99f uagb-infobox__content-wrap  uagb-infobox-icon-above-title uagb-infobox-image-valign-top\"><div class=\"uagb-ifb-content\"><div class=\"uagb-ifb-image-content\"><img decoding=\"async\" src=\"https:\/\/freechoice.club\/wp-content\/uploads\/2022\/05\/fc_about-monthly.svg\" alt=\"\" width=\"1000\" height=\"1000\" loading=\"lazy\"\/><\/div><div class=\"uagb-ifb-title-wrap\"><h3 class=\"uagb-ifb-title\">Maintain full flexibility<\/h3><\/div><div class=\"uagb-ifb-separator\"><\/div><p class=\"uagb-ifb-desc\">You can cancel your Freechoice subscription at any time at the end of the month.<\/p><\/div><\/div>\n<\/div>\n<\/div><\/div>\n<\/div><\/section>\n\n\n\n<section class=\"wp-block-uagb-section uagb-section__wrap uagb-section__background-undefined alignfull uagb-block-8f10e8f1\"><div class=\"uagb-section__overlay\"><\/div><div class=\"uagb-section__inner-wrap\">\n<h2 class=\"wp-block-heading uagb-heading-text\" tabindex=\"0\">FAQS: Frequently asked questions about Freechoice<\/h2>\n\n\n<div class=\"wp-block-uagb-faq uagb-faq__outer-wrap uagb-block-c7180c12 uagb-faq-icon-row uagb-faq-layout-accordion uagb-faq-expand-first-false uagb-faq-inactive-other-true uagb-faq__wrap uagb-buttons-layout-wrap uagb-faq-equal-height     \" data-faqtoggle=\"true\" role=\"tablist\"><div class=\"wp-block-uagb-faq-child uagb-faq-child__outer-wrap uagb-faq-item uagb-block-81571e06 fc-box\" role=\"tab\" tabindex=\"0\"><div class=\"uagb-faq-questions-button uagb-faq-questions\">\t\t\t<span class=\"uagb-icon uagb-faq-icon-wrap\">\n\t\t\t\t\t\t\t\t<svg xmlns=\"https:\/\/www.w3.org\/2000\/svg\" viewBox= \"0 0 320 512\"><path d=\"M96 480c-8.188 0-16.38-3.125-22.62-9.375c-12.5-12.5-12.5-32.75 0-45.25L242.8 256L73.38 86.63c-12.5-12.5-12.5-32.75 0-45.25s32.75-12.5 45.25 0l192 192c12.5 12.5 12.5 32.75 0 45.25l-192 192C112.4 476.9 104.2 480 96 480z\"><\/path><\/svg>\n\t\t\t\t\t\t\t<\/span>\n\t\t\t\t\t\t<span class=\"uagb-icon-active uagb-faq-icon-wrap\">\n\t\t\t\t\t\t\t\t<svg xmlns=\"https:\/\/www.w3.org\/2000\/svg\" viewBox= \"0 0 448 512\"><path d=\"M416 352c-8.188 0-16.38-3.125-22.62-9.375L224 173.3l-169.4 169.4c-12.5 12.5-32.75 12.5-45.25 0s-12.5-32.75 0-45.25l192-192c12.5-12.5 32.75-12.5 45.25 0l192 192c12.5 12.5 12.5 32.75 0 45.25C432.4 348.9 424.2 352 416 352z\"><\/path><\/svg>\n\t\t\t\t\t\t\t<\/span>\n\t\t\t<span class=\"uagb-question\"><strong>Was ist das Freechoice Abo?<\/strong><\/span><\/div><div class=\"uagb-faq-content\"><p>Grunds\u00e4tzlich kannst Du unsere Webseiten kostenlos nutzen. Damit dies m\u00f6glich ist, refinanzieren unsere Seiten ihre Nachrichten und Informationsangebote \u00fcber Anzeigenerl\u00f6se. Um f\u00fcr Leser bessere Werbeanzeigen zu platzieren, werden hierzu Technologien wie beispielsweise Cookies verwendet, die teilweise einwilligungspflichtig nach TTDSG und DSGVO sind. Nutzern unserer Seiten, welche keine personalisierte Werbung angezeigt bekommen wollen, bietet das Freechoice Abo eine M\u00f6glichkeit die Inhalte unserer Partner ohne Tracking, Cookies und personalisierte Werbung zu konsumieren. Die entgangenen Werbeeinnahmen werden durch den Abo-Preis hierbei ausgeglichen.<\/p><\/div><\/div><div class=\"wp-block-uagb-faq-child uagb-faq-child__outer-wrap uagb-faq-item uagb-block-087bc1d8 fc-box\" role=\"tab\" tabindex=\"0\"><div class=\"uagb-faq-questions-button uagb-faq-questions\">\t\t\t<span class=\"uagb-icon uagb-faq-icon-wrap\">\n\t\t\t\t\t\t\t\t<svg xmlns=\"https:\/\/www.w3.org\/2000\/svg\" viewBox= \"0 0 320 512\"><path d=\"M96 480c-8.188 0-16.38-3.125-22.62-9.375c-12.5-12.5-12.5-32.75 0-45.25L242.8 256L73.38 86.63c-12.5-12.5-12.5-32.75 0-45.25s32.75-12.5 45.25 0l192 192c12.5 12.5 12.5 32.75 0 45.25l-192 192C112.4 476.9 104.2 480 96 480z\"><\/path><\/svg>\n\t\t\t\t\t\t\t<\/span>\n\t\t\t\t\t\t<span class=\"uagb-icon-active uagb-faq-icon-wrap\">\n\t\t\t\t\t\t\t\t<svg xmlns=\"https:\/\/www.w3.org\/2000\/svg\" viewBox= \"0 0 448 512\"><path d=\"M416 352c-8.188 0-16.38-3.125-22.62-9.375L224 173.3l-169.4 169.4c-12.5 12.5-32.75 12.5-45.25 0s-12.5-32.75 0-45.25l192-192c12.5-12.5 32.75-12.5 45.25 0l192 192c12.5 12.5 12.5 32.75 0 45.25C432.4 348.9 424.2 352 416 352z\"><\/path><\/svg>\n\t\t\t\t\t\t\t<\/span>\n\t\t\t<span class=\"uagb-question\"><strong>Wie funktioniert das Freechoice Abo?<\/strong><\/span><\/div><div class=\"uagb-faq-content\"><p>Ein Login \u2013 Viele Seiten auf denen Du ohne Tracking, Cookies und personalisierte Werbung surfen kannst. Du meldest dich einmal zu Freechoice an und kaufst das Freechoice Pur-Abo. Wann immer Du eingeloggt bist erkennt Freechoice auf seinen teilnehmenden Partnern, dass Du ein Pur-Abo hast und liefert Dir dann die Inhalte ohne personalisierte Werbung. Du zahlst im Gegenzug eine monatliche Geb\u00fchr. Das Abonnement ist hierbei monatlich k\u00fcndbar, solltest Du es Dir einmal anders \u00fcberlegen.<br><br>Solange Du eingeloggt bist, ein laufendes Abonnement hast, erkennt Freechoice Dich automatisch und Du musst nichts weiter tun. Solltest Du nicht angemeldet sein, wird Dir stets die M\u00f6glichkeit zum Login im Cookie-Banner angeboten. Hier loggst Du dich einfach erneut mit Deinen Anmeldedaten ein und Dein Abonnement greift wieder.<\/p><\/div><\/div><div class=\"wp-block-uagb-faq-child uagb-faq-child__outer-wrap uagb-faq-item uagb-block-6b9eb9d0 fc-box\" role=\"tab\" tabindex=\"0\"><div class=\"uagb-faq-questions-button uagb-faq-questions\">\t\t\t<span class=\"uagb-icon uagb-faq-icon-wrap\">\n\t\t\t\t\t\t\t\t<svg xmlns=\"https:\/\/www.w3.org\/2000\/svg\" viewBox= \"0 0 320 512\"><path d=\"M96 480c-8.188 0-16.38-3.125-22.62-9.375c-12.5-12.5-12.5-32.75 0-45.25L242.8 256L73.38 86.63c-12.5-12.5-12.5-32.75 0-45.25s32.75-12.5 45.25 0l192 192c12.5 12.5 12.5 32.75 0 45.25l-192 192C112.4 476.9 104.2 480 96 480z\"><\/path><\/svg>\n\t\t\t\t\t\t\t<\/span>\n\t\t\t\t\t\t<span class=\"uagb-icon-active uagb-faq-icon-wrap\">\n\t\t\t\t\t\t\t\t<svg xmlns=\"https:\/\/www.w3.org\/2000\/svg\" viewBox= \"0 0 448 512\"><path d=\"M416 352c-8.188 0-16.38-3.125-22.62-9.375L224 173.3l-169.4 169.4c-12.5 12.5-32.75 12.5-45.25 0s-12.5-32.75 0-45.25l192-192c12.5-12.5 32.75-12.5 45.25 0l192 192c12.5 12.5 12.5 32.75 0 45.25C432.4 348.9 424.2 352 416 352z\"><\/path><\/svg>\n\t\t\t\t\t\t\t<\/span>\n\t\t\t<span class=\"uagb-question\"><strong>Wie lang ist die Laufzeit und wie k\u00fcndige ich das Freedchoice Abo?<\/strong><\/span><\/div><div class=\"uagb-faq-content\"><p>Wir verwenden Stripe als Zahlungsanbieter. Dein Abo kannst Du direkt bei Stripe (https:\/\/dashboard.stripe.com\/login) einsehen und bearbeiten. Auf der Startseite hast Du dazu \u00fcber den Link &#8220;Anpassen&#8221; die M\u00f6glichkeit Deinen Abo-Plan zu pr\u00fcfen und zu verwalten. Hier\u00fcber kannst Du auch Deine bisherigen Zahlungen einsehen und Belege, sowie Rechnungen herunterladen.<\/p><\/div><\/div><div class=\"wp-block-uagb-faq-child uagb-faq-child__outer-wrap uagb-faq-item uagb-block-62ce6c8c fc-box\" role=\"tab\" tabindex=\"0\"><div class=\"uagb-faq-questions-button uagb-faq-questions\">\t\t\t<span class=\"uagb-icon uagb-faq-icon-wrap\">\n\t\t\t\t\t\t\t\t<svg xmlns=\"https:\/\/www.w3.org\/2000\/svg\" viewBox= \"0 0 320 512\"><path d=\"M96 480c-8.188 0-16.38-3.125-22.62-9.375c-12.5-12.5-12.5-32.75 0-45.25L242.8 256L73.38 86.63c-12.5-12.5-12.5-32.75 0-45.25s32.75-12.5 45.25 0l192 192c12.5 12.5 12.5 32.75 0 45.25l-192 192C112.4 476.9 104.2 480 96 480z\"><\/path><\/svg>\n\t\t\t\t\t\t\t<\/span>\n\t\t\t\t\t\t<span class=\"uagb-icon-active uagb-faq-icon-wrap\">\n\t\t\t\t\t\t\t\t<svg xmlns=\"https:\/\/www.w3.org\/2000\/svg\" viewBox= \"0 0 448 512\"><path d=\"M416 352c-8.188 0-16.38-3.125-22.62-9.375L224 173.3l-169.4 169.4c-12.5 12.5-32.75 12.5-45.25 0s-12.5-32.75 0-45.25l192-192c12.5-12.5 32.75-12.5 45.25 0l192 192c12.5 12.5 12.5 32.75 0 45.25C432.4 348.9 424.2 352 416 352z\"><\/path><\/svg>\n\t\t\t\t\t\t\t<\/span>\n\t\t\t<span class=\"uagb-question\"><strong>Welche Daten werden bei Freechoice erhoben?<\/strong><\/span><\/div><div class=\"uagb-faq-content\"><p>Freechoice erhebt so wenig wie nur m\u00f6glich \u201cpersonenbezogene Daten\u201d. Es werden nur die bei der Registrierung und beim Abschluss des Pur Abos angegebenen Daten erhoben, einige der Angaben sind &#8220;optional&#8221; &#8211; solltest Du ggf. eine pers\u00f6nliche Ansprache w\u00fcnschen oder gewisse Informationen auf den Rechnungen ben\u00f6tigen. Wir verwenden zudem nur Technologien und Services, die zum Betrieb des Logins und der Seite unbedingt erforderlich sind. Details dazu findest Du in unserer <a href=\"https:\/\/freechoice.club\/privacy-policy\/\" title=\"Freechoice Datenschutzerkl\u00e4rung\">Datenschutzerkl\u00e4rung<\/a>.<br><br>Um f\u00fcr alle Partner eine faire Abrechnung zu erm\u00f6glichen, wird die Anzahl der Seitenaufrufe pro Publisher\/Seite\/Dienst erhoben. Diese Nutzungsdaten werden nach der Abrechnung automatisch nach 60 Tagen gel\u00f6scht. Freechoice erstellt keine personenbezogenen Profile und \u00fcbermittelt niemals personenbezogene Daten an seine Partner.<\/p><\/div><\/div><div class=\"wp-block-uagb-faq-child uagb-faq-child__outer-wrap uagb-faq-item uagb-block-3ea34dd3 fc-box\" role=\"tab\" tabindex=\"0\"><div class=\"uagb-faq-questions-button uagb-faq-questions\">\t\t\t<span class=\"uagb-icon uagb-faq-icon-wrap\">\n\t\t\t\t\t\t\t\t<svg xmlns=\"https:\/\/www.w3.org\/2000\/svg\" viewBox= \"0 0 320 512\"><path d=\"M96 480c-8.188 0-16.38-3.125-22.62-9.375c-12.5-12.5-12.5-32.75 0-45.25L242.8 256L73.38 86.63c-12.5-12.5-12.5-32.75 0-45.25s32.75-12.5 45.25 0l192 192c12.5 12.5 12.5 32.75 0 45.25l-192 192C112.4 476.9 104.2 480 96 480z\"><\/path><\/svg>\n\t\t\t\t\t\t\t<\/span>\n\t\t\t\t\t\t<span class=\"uagb-icon-active uagb-faq-icon-wrap\">\n\t\t\t\t\t\t\t\t<svg xmlns=\"https:\/\/www.w3.org\/2000\/svg\" viewBox= \"0 0 448 512\"><path d=\"M416 352c-8.188 0-16.38-3.125-22.62-9.375L224 173.3l-169.4 169.4c-12.5 12.5-32.75 12.5-45.25 0s-12.5-32.75 0-45.25l192-192c12.5-12.5 32.75-12.5 45.25 0l192 192c12.5 12.5 12.5 32.75 0 45.25C432.4 348.9 424.2 352 416 352z\"><\/path><\/svg>\n\t\t\t\t\t\t\t<\/span>\n\t\t\t<span class=\"uagb-question\"><strong>Was hei\u00dft reduzierte Werbung, Werbe- und Tracking-frei?<\/strong><\/span><\/div><div class=\"uagb-faq-content\"><p>Freechoice-Abonnenten surfen im Regelfall mit reduzierten Einblendungen von Werbebannern.<br><br>Solltest Du vereinzelt Werbung angezeigt bekommen, so handelt es sich um nicht-personalisierte Werbung, die keinerlei personenbezogene Daten erhebt\/verarbeitet. Cookies und\/oder vergleichbare Technologien werden hierbei nicht eingesetzt!<\/p><\/div><\/div><\/div><\/div><\/section>\n\n\n<div class=\"fc_status-box trf-shadow\" role=\"status\" aria-live=\"polite\" aria-atomic=\"true\"><div class=\"fc_status-header\"><h2 class=\"fc_status-title\">Info<\/h2><span title=\"Meldung schlie\u00dfen\" class=\"fc_status-dismiss\" onclick=\"this.parentElement.parentElement.style.display ='none';\">&#10005;<\/span><\/div><p class=\"fc_status-message\"><\/p><\/div>\n","protected":false},"excerpt":{"rendered":"<p>Surf the entire Freechoice universe: + many more<\/p>\n","protected":false},"author":1,"featured_media":0,"parent":0,"menu_order":0,"comment_status":"closed","ping_status":"closed","template":"","meta":{"inline_featured_image":false,"_uag_custom_page_level_css":"","site-sidebar-layout":"default","site-content-layout":"","ast-site-content-layout":"default","site-content-style":"default","site-sidebar-style":"default","ast-global-header-display":"","ast-banner-title-visibility":"","ast-main-header-display":"","ast-hfb-above-header-display":"","ast-hfb-below-header-display":"","ast-hfb-mobile-header-display":"","site-post-title":"disabled","ast-breadcrumbs-content":"","ast-featured-img":"","footer-sml-layout":"","theme-transparent-header-meta":"","adv-header-id-meta":"","stick-header-meta":"","header-above-stick-meta":"","header-main-stick-meta":"","header-below-stick-meta":"","astra-migrate-meta-layouts":"set","ast-page-background-enabled":"default","ast-page-background-meta":{"desktop":{"background-color":"var(--ast-global-color-4)","background-image":"","background-repeat":"repeat","background-position":"center center","background-size":"auto","background-attachment":"scroll","background-type":"","background-media":"","overlay-type":"","overlay-color":"","overlay-gradient":""},"tablet":{"background-color":"","background-image":"","background-repeat":"repeat","background-position":"center center","background-size":"auto","background-attachment":"scroll","background-type":"","background-media":"","overlay-type":"","overlay-color":"","overlay-gradient":""},"mobile":{"background-color":"","background-image":"","background-repeat":"repeat","background-position":"center center","background-size":"auto","background-attachment":"scroll","background-type":"","background-media":"","overlay-type":"","overlay-color":"","overlay-gradient":""}},"ast-content-background-meta":{"desktop":{"background-color":"var(--ast-global-color-5)","background-image":"","background-repeat":"repeat","background-position":"center center","background-size":"auto","background-attachment":"scroll","background-type":"","background-media":"","overlay-type":"","overlay-color":"","overlay-gradient":""},"tablet":{"background-color":"var(--ast-global-color-5)","background-image":"","background-repeat":"repeat","background-position":"center center","background-size":"auto","background-attachment":"scroll","background-type":"","background-media":"","overlay-type":"","overlay-color":"","overlay-gradient":""},"mobile":{"background-color":"var(--ast-global-color-5)","background-image":"","background-repeat":"repeat","background-position":"center center","background-size":"auto","background-attachment":"scroll","background-type":"","background-media":"","overlay-type":"","overlay-color":"","overlay-gradient":""}},"footnotes":""},"class_list":["post-362","page","type-page","status-publish","hentry"],"aioseo_notices":[],"uagb_featured_image_src":{"full":false,"thumbnail":false,"medium":false,"medium_large":false,"large":false,"1536x1536":false,"2048x2048":false},"uagb_author_info":{"display_name":"freechoiceAdmin","author_link":"https:\/\/freechoice.club\/en\/author\/freechoiceadmin\/"},"uagb_comment_info":0,"uagb_excerpt":"Surf the entire Freechoice universe: + many more","_links":{"self":[{"href":"https:\/\/freechoice.club\/en\/wp-json\/wp\/v2\/pages\/362","targetHints":{"allow":["GET"]}}],"collection":[{"href":"https:\/\/freechoice.club\/en\/wp-json\/wp\/v2\/pages"}],"about":[{"href":"https:\/\/freechoice.club\/en\/wp-json\/wp\/v2\/types\/page"}],"author":[{"embeddable":true,"href":"https:\/\/freechoice.club\/en\/wp-json\/wp\/v2\/users\/1"}],"replies":[{"embeddable":true,"href":"https:\/\/freechoice.club\/en\/wp-json\/wp\/v2\/comments?post=362"}],"version-history":[{"count":20,"href":"https:\/\/freechoice.club\/en\/wp-json\/wp\/v2\/pages\/362\/revisions"}],"predecessor-version":[{"id":503,"href":"https:\/\/freechoice.club\/en\/wp-json\/wp\/v2\/pages\/362\/revisions\/503"}],"wp:attachment":[{"href":"https:\/\/freechoice.club\/en\/wp-json\/wp\/v2\/media?parent=362"}],"curies":[{"name":"wp","href":"https:\/\/api.w.org\/{rel}","templated":true}]}}