{"id":519,"date":"2022-05-09T14:04:16","date_gmt":"2022-05-09T14:04:16","guid":{"rendered":"https:\/\/freechoice.club\/faq\/"},"modified":"2025-07-15T00:56:39","modified_gmt":"2025-07-15T00:56:39","slug":"faq","status":"publish","type":"page","link":"https:\/\/freechoice.club\/es\/faq\/","title":{"rendered":"FAQ"},"content":{"rendered":"\n<div style=\"height:50px\" aria-hidden=\"true\" class=\"wp-block-spacer\"><\/div>\n\n<h1 class=\"wp-block-heading\" tabindex=\"0\">Preguntas frecuentes sobre Freechoice<\/h1>\n<div class=\"wp-block-uagb-faq uagb-faq__outer-wrap uagb-block-c7180c12 uagb-faq-icon-row uagb-faq-layout-accordion uagb-faq-expand-first-false uagb-faq-inactive-other-true uagb-faq__wrap uagb-buttons-layout-wrap uagb-faq-equal-height     \" data-faqtoggle=\"true\" role=\"tablist\"><div class=\"wp-block-uagb-faq-child uagb-faq-child__outer-wrap uagb-faq-item uagb-block-81571e06 fc-box\" role=\"tab\" tabindex=\"0\"><div class=\"uagb-faq-questions-button uagb-faq-questions\">\t\t\t<span class=\"uagb-icon uagb-faq-icon-wrap\">\n\t\t\t\t\t\t\t\t<svg xmlns=\"https:\/\/www.w3.org\/2000\/svg\" viewBox= \"0 0 320 512\"><path d=\"M96 480c-8.188 0-16.38-3.125-22.62-9.375c-12.5-12.5-12.5-32.75 0-45.25L242.8 256L73.38 86.63c-12.5-12.5-12.5-32.75 0-45.25s32.75-12.5 45.25 0l192 192c12.5 12.5 12.5 32.75 0 45.25l-192 192C112.4 476.9 104.2 480 96 480z\"><\/path><\/svg>\n\t\t\t\t\t\t\t<\/span>\n\t\t\t\t\t\t<span class=\"uagb-icon-active uagb-faq-icon-wrap\">\n\t\t\t\t\t\t\t\t<svg xmlns=\"https:\/\/www.w3.org\/2000\/svg\" viewBox= \"0 0 448 512\"><path d=\"M416 352c-8.188 0-16.38-3.125-22.62-9.375L224 173.3l-169.4 169.4c-12.5 12.5-32.75 12.5-45.25 0s-12.5-32.75 0-45.25l192-192c12.5-12.5 32.75-12.5 45.25 0l192 192c12.5 12.5 12.5 32.75 0 45.25C432.4 348.9 424.2 352 416 352z\"><\/path><\/svg>\n\t\t\t\t\t\t\t<\/span>\n\t\t\t<span class=\"uagb-question\"><strong>Was ist das Freechoice Abo?<\/strong><\/span><\/div><div class=\"uagb-faq-content\"><p>Grunds\u00e4tzlich kannst Du unsere Webseiten kostenlos nutzen. Damit dies m\u00f6glich ist, refinanzieren unsere Seiten ihre Nachrichten und Informationsangebote \u00fcber Anzeigenerl\u00f6se. Um f\u00fcr Leser bessere Werbeanzeigen zu platzieren, werden hierzu Technologien wie beispielsweise Cookies verwendet, die teilweise einwilligungspflichtig nach TTDSG und DSGVO sind. Nutzern unserer Seiten, welche keine personalisierte Werbung angezeigt bekommen wollen, bietet das Freechoice Abo eine M\u00f6glichkeit die Inhalte unserer Partner ohne Tracking, Cookies und personalisierte Werbung zu konsumieren. Die entgangenen Werbeeinnahmen werden durch den Abo-Preis hierbei ausgeglichen.<\/p><\/div><\/div><div class=\"wp-block-uagb-faq-child uagb-faq-child__outer-wrap uagb-faq-item uagb-block-087bc1d8 fc-box\" role=\"tab\" tabindex=\"0\"><div class=\"uagb-faq-questions-button uagb-faq-questions\">\t\t\t<span class=\"uagb-icon uagb-faq-icon-wrap\">\n\t\t\t\t\t\t\t\t<svg xmlns=\"https:\/\/www.w3.org\/2000\/svg\" viewBox= \"0 0 320 512\"><path d=\"M96 480c-8.188 0-16.38-3.125-22.62-9.375c-12.5-12.5-12.5-32.75 0-45.25L242.8 256L73.38 86.63c-12.5-12.5-12.5-32.75 0-45.25s32.75-12.5 45.25 0l192 192c12.5 12.5 12.5 32.75 0 45.25l-192 192C112.4 476.9 104.2 480 96 480z\"><\/path><\/svg>\n\t\t\t\t\t\t\t<\/span>\n\t\t\t\t\t\t<span class=\"uagb-icon-active uagb-faq-icon-wrap\">\n\t\t\t\t\t\t\t\t<svg xmlns=\"https:\/\/www.w3.org\/2000\/svg\" viewBox= \"0 0 448 512\"><path d=\"M416 352c-8.188 0-16.38-3.125-22.62-9.375L224 173.3l-169.4 169.4c-12.5 12.5-32.75 12.5-45.25 0s-12.5-32.75 0-45.25l192-192c12.5-12.5 32.75-12.5 45.25 0l192 192c12.5 12.5 12.5 32.75 0 45.25C432.4 348.9 424.2 352 416 352z\"><\/path><\/svg>\n\t\t\t\t\t\t\t<\/span>\n\t\t\t<span class=\"uagb-question\"><strong>Wie funktioniert das Freechoice Abo?<\/strong><\/span><\/div><div class=\"uagb-faq-content\"><p>Ein Login \u2013 Viele Seiten auf denen Du ohne Tracking, Cookies und personalisierte Werbung surfen kannst. Du meldest dich einmal zu Freechoice an und kaufst das Freechoice Pur-Abo. Wann immer Du eingeloggt bist erkennt Freechoice auf seinen teilnehmenden Partnern, dass Du ein Pur-Abo hast und liefert Dir dann die Inhalte ohne personalisierte Werbung. Du zahlst im Gegenzug eine monatliche Geb\u00fchr. Das Abonnement ist hierbei monatlich k\u00fcndbar, solltest Du es Dir einmal anders \u00fcberlegen.<br><br>Solange Du eingeloggt bist, ein laufendes Abonnement hast, erkennt Freechoice Dich automatisch und Du musst nichts weiter tun. Solltest Du nicht angemeldet sein, wird Dir stets die M\u00f6glichkeit zum Login im Cookie-Banner angeboten. Hier loggst Du dich einfach erneut mit Deinen Anmeldedaten ein und Dein Abonnement greift wieder.<\/p><\/div><\/div><div class=\"wp-block-uagb-faq-child uagb-faq-child__outer-wrap uagb-faq-item uagb-block-6b9eb9d0 fc-box\" role=\"tab\" tabindex=\"0\"><div class=\"uagb-faq-questions-button uagb-faq-questions\">\t\t\t<span class=\"uagb-icon uagb-faq-icon-wrap\">\n\t\t\t\t\t\t\t\t<svg xmlns=\"https:\/\/www.w3.org\/2000\/svg\" viewBox= \"0 0 320 512\"><path d=\"M96 480c-8.188 0-16.38-3.125-22.62-9.375c-12.5-12.5-12.5-32.75 0-45.25L242.8 256L73.38 86.63c-12.5-12.5-12.5-32.75 0-45.25s32.75-12.5 45.25 0l192 192c12.5 12.5 12.5 32.75 0 45.25l-192 192C112.4 476.9 104.2 480 96 480z\"><\/path><\/svg>\n\t\t\t\t\t\t\t<\/span>\n\t\t\t\t\t\t<span class=\"uagb-icon-active uagb-faq-icon-wrap\">\n\t\t\t\t\t\t\t\t<svg xmlns=\"https:\/\/www.w3.org\/2000\/svg\" viewBox= \"0 0 448 512\"><path d=\"M416 352c-8.188 0-16.38-3.125-22.62-9.375L224 173.3l-169.4 169.4c-12.5 12.5-32.75 12.5-45.25 0s-12.5-32.75 0-45.25l192-192c12.5-12.5 32.75-12.5 45.25 0l192 192c12.5 12.5 12.5 32.75 0 45.25C432.4 348.9 424.2 352 416 352z\"><\/path><\/svg>\n\t\t\t\t\t\t\t<\/span>\n\t\t\t<span class=\"uagb-question\"><strong>Wie lang ist die Laufzeit und wie k\u00fcndige ich das Freedchoice Abo?<\/strong><\/span><\/div><div class=\"uagb-faq-content\"><p>Wir verwenden Stripe als Zahlungsanbieter. Dein Abo kannst Du direkt bei Stripe (https:\/\/dashboard.stripe.com\/login) einsehen und bearbeiten. Auf der Startseite hast Du dazu \u00fcber den Link \u00abAnpassen\u00bb die M\u00f6glichkeit Deinen Abo-Plan zu pr\u00fcfen und zu verwalten. Hier\u00fcber kannst Du auch Deine bisherigen Zahlungen einsehen und Belege, sowie Rechnungen herunterladen.<\/p><\/div><\/div><div class=\"wp-block-uagb-faq-child uagb-faq-child__outer-wrap uagb-faq-item uagb-block-62ce6c8c fc-box\" role=\"tab\" tabindex=\"0\"><div class=\"uagb-faq-questions-button uagb-faq-questions\">\t\t\t<span class=\"uagb-icon uagb-faq-icon-wrap\">\n\t\t\t\t\t\t\t\t<svg xmlns=\"https:\/\/www.w3.org\/2000\/svg\" viewBox= \"0 0 320 512\"><path d=\"M96 480c-8.188 0-16.38-3.125-22.62-9.375c-12.5-12.5-12.5-32.75 0-45.25L242.8 256L73.38 86.63c-12.5-12.5-12.5-32.75 0-45.25s32.75-12.5 45.25 0l192 192c12.5 12.5 12.5 32.75 0 45.25l-192 192C112.4 476.9 104.2 480 96 480z\"><\/path><\/svg>\n\t\t\t\t\t\t\t<\/span>\n\t\t\t\t\t\t<span class=\"uagb-icon-active uagb-faq-icon-wrap\">\n\t\t\t\t\t\t\t\t<svg xmlns=\"https:\/\/www.w3.org\/2000\/svg\" viewBox= \"0 0 448 512\"><path d=\"M416 352c-8.188 0-16.38-3.125-22.62-9.375L224 173.3l-169.4 169.4c-12.5 12.5-32.75 12.5-45.25 0s-12.5-32.75 0-45.25l192-192c12.5-12.5 32.75-12.5 45.25 0l192 192c12.5 12.5 12.5 32.75 0 45.25C432.4 348.9 424.2 352 416 352z\"><\/path><\/svg>\n\t\t\t\t\t\t\t<\/span>\n\t\t\t<span class=\"uagb-question\"><strong>Welche Daten werden bei Freechoice erhoben?<\/strong><\/span><\/div><div class=\"uagb-faq-content\"><p>Freechoice erhebt so wenig wie nur m\u00f6glich \u201cpersonenbezogene Daten\u201d. Es werden nur die bei der Registrierung und beim Abschluss des Pur Abos angegebenen Daten erhoben, einige der Angaben sind \u00aboptional\u00bb &#8211; solltest Du ggf. eine pers\u00f6nliche Ansprache w\u00fcnschen oder gewisse Informationen auf den Rechnungen ben\u00f6tigen. Wir verwenden zudem nur Technologien und Services, die zum Betrieb des Logins und der Seite unbedingt erforderlich sind. Details dazu findest Du in unserer <a href=\"https:\/\/freechoice.club\/privacy-policy\/\" title=\"Freechoice Datenschutzerkl\u00e4rung\">Datenschutzerkl\u00e4rung<\/a>.<br><br>Um f\u00fcr alle Partner eine faire Abrechnung zu erm\u00f6glichen, wird die Anzahl der Seitenaufrufe pro Publisher\/Seite\/Dienst erhoben. Diese Nutzungsdaten werden nach der Abrechnung automatisch nach 60 Tagen gel\u00f6scht. Freechoice erstellt keine personenbezogenen Profile und \u00fcbermittelt niemals personenbezogene Daten an seine Partner.<\/p><\/div><\/div><div class=\"wp-block-uagb-faq-child uagb-faq-child__outer-wrap uagb-faq-item uagb-block-3ea34dd3 fc-box\" role=\"tab\" tabindex=\"0\"><div class=\"uagb-faq-questions-button uagb-faq-questions\">\t\t\t<span class=\"uagb-icon uagb-faq-icon-wrap\">\n\t\t\t\t\t\t\t\t<svg xmlns=\"https:\/\/www.w3.org\/2000\/svg\" viewBox= \"0 0 320 512\"><path d=\"M96 480c-8.188 0-16.38-3.125-22.62-9.375c-12.5-12.5-12.5-32.75 0-45.25L242.8 256L73.38 86.63c-12.5-12.5-12.5-32.75 0-45.25s32.75-12.5 45.25 0l192 192c12.5 12.5 12.5 32.75 0 45.25l-192 192C112.4 476.9 104.2 480 96 480z\"><\/path><\/svg>\n\t\t\t\t\t\t\t<\/span>\n\t\t\t\t\t\t<span class=\"uagb-icon-active uagb-faq-icon-wrap\">\n\t\t\t\t\t\t\t\t<svg xmlns=\"https:\/\/www.w3.org\/2000\/svg\" viewBox= \"0 0 448 512\"><path d=\"M416 352c-8.188 0-16.38-3.125-22.62-9.375L224 173.3l-169.4 169.4c-12.5 12.5-32.75 12.5-45.25 0s-12.5-32.75 0-45.25l192-192c12.5-12.5 32.75-12.5 45.25 0l192 192c12.5 12.5 12.5 32.75 0 45.25C432.4 348.9 424.2 352 416 352z\"><\/path><\/svg>\n\t\t\t\t\t\t\t<\/span>\n\t\t\t<span class=\"uagb-question\"><strong>Was hei\u00dft reduzierte Werbung, Werbe- und Tracking-frei?<\/strong><\/span><\/div><div class=\"uagb-faq-content\"><p>Freechoice-Abonnenten surfen im Regelfall mit reduzierten Einblendungen von Werbebannern.<br><br>Solltest Du vereinzelt Werbung angezeigt bekommen, so handelt es sich um nicht-personalisierte Werbung, die keinerlei personenbezogene Daten erhebt\/verarbeitet. Cookies und\/oder vergleichbare Technologien werden hierbei nicht eingesetzt!<\/p><\/div><\/div><\/div>\n<div style=\"height:100px\" aria-hidden=\"true\" class=\"wp-block-spacer\"><\/div>\n","protected":false},"excerpt":{"rendered":"<p>Preguntas frecuentes sobre Freechoice<\/p>\n","protected":false},"author":2,"featured_media":0,"parent":0,"menu_order":0,"comment_status":"closed","ping_status":"closed","template":"","meta":{"inline_featured_image":false,"_uag_custom_page_level_css":"","site-sidebar-layout":"default","site-content-layout":"plain-container","ast-site-content-layout":"normal-width-container","site-content-style":"unboxed","site-sidebar-style":"unboxed","ast-global-header-display":"","ast-banner-title-visibility":"","ast-main-header-display":"","ast-hfb-above-header-display":"","ast-hfb-below-header-display":"","ast-hfb-mobile-header-display":"","site-post-title":"disabled","ast-breadcrumbs-content":"","ast-featured-img":"","footer-sml-layout":"","theme-transparent-header-meta":"","adv-header-id-meta":"","stick-header-meta":"","header-above-stick-meta":"","header-main-stick-meta":"","header-below-stick-meta":"","astra-migrate-meta-layouts":"default","ast-page-background-enabled":"default","ast-page-background-meta":{"desktop":{"background-color":"var(--ast-global-color-4)","background-image":"","background-repeat":"repeat","background-position":"center center","background-size":"auto","background-attachment":"scroll","background-type":"","background-media":"","overlay-type":"","overlay-color":"","overlay-gradient":""},"tablet":{"background-color":"","background-image":"","background-repeat":"repeat","background-position":"center center","background-size":"auto","background-attachment":"scroll","background-type":"","background-media":"","overlay-type":"","overlay-color":"","overlay-gradient":""},"mobile":{"background-color":"","background-image":"","background-repeat":"repeat","background-position":"center center","background-size":"auto","background-attachment":"scroll","background-type":"","background-media":"","overlay-type":"","overlay-color":"","overlay-gradient":""}},"ast-content-background-meta":{"desktop":{"background-color":"var(--ast-global-color-5)","background-image":"","background-repeat":"repeat","background-position":"center center","background-size":"auto","background-attachment":"scroll","background-type":"","background-media":"","overlay-type":"","overlay-color":"","overlay-gradient":""},"tablet":{"background-color":"var(--ast-global-color-5)","background-image":"","background-repeat":"repeat","background-position":"center center","background-size":"auto","background-attachment":"scroll","background-type":"","background-media":"","overlay-type":"","overlay-color":"","overlay-gradient":""},"mobile":{"background-color":"var(--ast-global-color-5)","background-image":"","background-repeat":"repeat","background-position":"center center","background-size":"auto","background-attachment":"scroll","background-type":"","background-media":"","overlay-type":"","overlay-color":"","overlay-gradient":""}},"footnotes":""},"class_list":["post-519","page","type-page","status-publish","hentry"],"aioseo_notices":[],"uagb_featured_image_src":{"full":false,"thumbnail":false,"medium":false,"medium_large":false,"large":false,"1536x1536":false,"2048x2048":false},"uagb_author_info":{"display_name":"Manuel Demmler","author_link":"https:\/\/freechoice.club\/es\/author\/manuel-demmler\/"},"uagb_comment_info":0,"uagb_excerpt":"Preguntas frecuentes sobre Freechoice","_links":{"self":[{"href":"https:\/\/freechoice.club\/es\/wp-json\/wp\/v2\/pages\/519","targetHints":{"allow":["GET"]}}],"collection":[{"href":"https:\/\/freechoice.club\/es\/wp-json\/wp\/v2\/pages"}],"about":[{"href":"https:\/\/freechoice.club\/es\/wp-json\/wp\/v2\/types\/page"}],"author":[{"embeddable":true,"href":"https:\/\/freechoice.club\/es\/wp-json\/wp\/v2\/users\/2"}],"replies":[{"embeddable":true,"href":"https:\/\/freechoice.club\/es\/wp-json\/wp\/v2\/comments?post=519"}],"version-history":[{"count":5,"href":"https:\/\/freechoice.club\/es\/wp-json\/wp\/v2\/pages\/519\/revisions"}],"predecessor-version":[{"id":557,"href":"https:\/\/freechoice.club\/es\/wp-json\/wp\/v2\/pages\/519\/revisions\/557"}],"wp:attachment":[{"href":"https:\/\/freechoice.club\/es\/wp-json\/wp\/v2\/media?parent=519"}],"curies":[{"name":"wp","href":"https:\/\/api.w.org\/{rel}","templated":true}]}}